





{"id":17,"date":"2016-02-12T08:09:36","date_gmt":"2016-02-12T11:09:36","guid":{"rendered":"http:\/\/demos.famethemes.com\/onepress\/?page_id=17"},"modified":"2019-06-12T23:35:59","modified_gmt":"2019-06-13T02:35:59","slug":"our-history","status":"publish","type":"page","link":"https:\/\/while1.com.ar\/index.php\/our-history\/","title":{"rendered":"Valores"},"content":{"rendered":"<p>Nos impulsa la pasi\u00f3n por dise\u00f1ar, construir y adquirir conocimientos. Con el concepto de oportunidad y relaci\u00f3n costo\/beneficio en mente nos enfocamos con objetividad en la b\u00fasqueda de la eficiencia que nuestros desarrollos exigen.&nbsp;<\/p>\n\n\n<p><\/p>\n","protected":false},"excerpt":{"rendered":"<p>Nos impulsa la pasi\u00f3n por dise\u00f1ar, construir y adquirir conocimientos. Con el concepto de oportunidad y relaci\u00f3n costo\/beneficio en mente nos enfocamos con objetividad en la b\u00fasqueda de la eficiencia &#8230;<\/p>\n","protected":false},"author":1,"featured_media":1590,"parent":0,"menu_order":1,"comment_status":"closed","ping_status":"closed","template":"","meta":{"footnotes":""},"class_list":["post-17","page","type-page","status-publish","has-post-thumbnail","hentry"],"_links":{"self":[{"href":"https:\/\/while1.com.ar\/index.php\/wp-json\/wp\/v2\/pages\/17","targetHints":{"allow":["GET"]}}],"collection":[{"href":"https:\/\/while1.com.ar\/index.php\/wp-json\/wp\/v2\/pages"}],"about":[{"href":"https:\/\/while1.com.ar\/index.php\/wp-json\/wp\/v2\/types\/page"}],"author":[{"embeddable":true,"href":"https:\/\/while1.com.ar\/index.php\/wp-json\/wp\/v2\/users\/1"}],"replies":[{"embeddable":true,"href":"https:\/\/while1.com.ar\/index.php\/wp-json\/wp\/v2\/comments?post=17"}],"version-history":[{"count":6,"href":"https:\/\/while1.com.ar\/index.php\/wp-json\/wp\/v2\/pages\/17\/revisions"}],"predecessor-version":[{"id":1588,"href":"https:\/\/while1.com.ar\/index.php\/wp-json\/wp\/v2\/pages\/17\/revisions\/1588"}],"wp:featuredmedia":[{"embeddable":true,"href":"https:\/\/while1.com.ar\/index.php\/wp-json\/wp\/v2\/media\/1590"}],"wp:attachment":[{"href":"https:\/\/while1.com.ar\/index.php\/wp-json\/wp\/v2\/media?parent=17"}],"curies":[{"name":"wp","href":"https:\/\/api.w.org\/{rel}","templated":true}]}}